{"id":6,"date":"2025-05-24T13:43:36","date_gmt":"2025-05-24T13:43:36","guid":{"rendered":"https:\/\/dev.eu4dualdevelopment.com\/post-a-job\/"},"modified":"2025-05-24T13:43:36","modified_gmt":"2025-05-24T13:43:36","slug":"post-a-job","status":"publish","type":"page","link":"https:\/\/dev.eu4dualdevelopment.com\/fi\/post-a-job\/","title":{"rendered":"Lis\u00e4\u00e4 ty\u00f6paikka"},"content":{"rendered":"<p>[l\u00e4het\u00e4_ty\u00f6hakemus_lomake]<\/p>","protected":false},"excerpt":{"rendered":"<p>[l\u00e4het\u00e4_ty\u00f6hakemus_lomake]<\/p>","protected":false},"author":1,"featured_media":0,"parent":0,"menu_order":0,"comment_status":"closed","ping_status":"closed","template":"","meta":{"_acf_changed":false,"footnotes":""},"class_list":["post-6","page","type-page","status-publish","hentry"],"acf":[],"_links":{"self":[{"href":"https:\/\/dev.eu4dualdevelopment.com\/fi\/wp-json\/wp\/v2\/pages\/6","targetHints":{"allow":["GET"]}}],"collection":[{"href":"https:\/\/dev.eu4dualdevelopment.com\/fi\/wp-json\/wp\/v2\/pages"}],"about":[{"href":"https:\/\/dev.eu4dualdevelopment.com\/fi\/wp-json\/wp\/v2\/types\/page"}],"author":[{"embeddable":true,"href":"https:\/\/dev.eu4dualdevelopment.com\/fi\/wp-json\/wp\/v2\/users\/1"}],"replies":[{"embeddable":true,"href":"https:\/\/dev.eu4dualdevelopment.com\/fi\/wp-json\/wp\/v2\/comments?post=6"}],"version-history":[{"count":0,"href":"https:\/\/dev.eu4dualdevelopment.com\/fi\/wp-json\/wp\/v2\/pages\/6\/revisions"}],"wp:attachment":[{"href":"https:\/\/dev.eu4dualdevelopment.com\/fi\/wp-json\/wp\/v2\/media?parent=6"}],"curies":[{"name":"wp","href":"https:\/\/api.w.org\/{rel}","templated":true}]}}